{"id":5432,"date":"2023-11-03T12:08:49","date_gmt":"2023-11-03T11:08:49","guid":{"rendered":"https:\/\/healthcareactivosyield.com\/?page_id=5432"},"modified":"2023-11-03T12:13:34","modified_gmt":"2023-11-03T11:13:34","slug":"canal-de-denuncias","status":"publish","type":"page","link":"https:\/\/healthcareactivosyield.com\/es\/canal-de-denuncias\/","title":{"rendered":"Canal de denuncias"},"content":{"rendered":"\t\t<div data-elementor-type=\"wp-post\" data-elementor-id=\"5432\" class=\"elementor elementor-5432\" data-elementor-post-type=\"page\">\n\t\t\t\t\t\t<section class=\"elementor-section elementor-top-section elementor-element elementor-element-aeaceb3 elementor-section-height-min-height elementor-section-boxed elementor-section-height-default elementor-section-items-middle\" data-id=\"aeaceb3\" data-element_type=\"section\" data-e-type=\"section\" data-settings=\"{&quot;background_background&quot;:&quot;classic&quot;}\">\n\t\t\t\t\t\t\t<div class=\"elementor-background-overlay\"><\/div>\n\t\t\t\t\t\t\t<div class=\"elementor-container elementor-column-gap-default\">\n\t\t\t\t\t<div class=\"elementor-column elementor-col-100 elementor-top-column elementor-element elementor-element-7de36e4\" data-id=\"7de36e4\" data-element_type=\"column\" data-e-type=\"column\">\n\t\t\t<div class=\"elementor-widget-wrap elementor-element-populated\">\n\t\t\t\t\t\t<div class=\"elementor-element elementor-element-67b75b0 hca-gradient-text elementor-widget elementor-widget-heading\" data-id=\"67b75b0\" data-element_type=\"widget\" data-e-type=\"widget\" data-widget_type=\"heading.default\">\n\t\t\t\t<div class=\"elementor-widget-container\">\n\t\t\t\t\t<h1 class=\"elementor-heading-title elementor-size-default\">Canal de denuncias<\/h1>\t\t\t\t<\/div>\n\t\t\t\t<\/div>\n\t\t\t\t\t<\/div>\n\t\t<\/div>\n\t\t\t\t\t<\/div>\n\t\t<\/section>\n\t\t\t\t<section class=\"elementor-section elementor-top-section elementor-element elementor-element-690b2a9b elementor-section-boxed elementor-section-height-default elementor-section-height-default\" data-id=\"690b2a9b\" data-element_type=\"section\" data-e-type=\"section\">\n\t\t\t\t\t\t<div class=\"elementor-container elementor-column-gap-default\">\n\t\t\t\t\t<div class=\"elementor-column elementor-col-100 elementor-top-column elementor-element elementor-element-5173f869\" data-id=\"5173f869\" data-element_type=\"column\" data-e-type=\"column\">\n\t\t\t<div class=\"elementor-widget-wrap elementor-element-populated\">\n\t\t\t\t\t\t<div class=\"elementor-element elementor-element-3175ffa6 elementor-widget elementor-widget-heading\" data-id=\"3175ffa6\" data-element_type=\"widget\" data-e-type=\"widget\" data-widget_type=\"heading.default\">\n\t\t\t\t<div class=\"elementor-widget-container\">\n\t\t\t\t\t<h3 class=\"elementor-heading-title elementor-size-default\">Uso de nuestros canales de informaci\u00f3n\n\u00bfQui\u00e9n puede presentar comunicaciones?<\/h3>\t\t\t\t<\/div>\n\t\t\t\t<\/div>\n\t\t\t\t<div class=\"elementor-element elementor-element-7585a75 elementor-widget elementor-widget-text-editor\" data-id=\"7585a75\" data-element_type=\"widget\" data-e-type=\"widget\" data-widget_type=\"text-editor.default\">\n\t\t\t\t<div class=\"elementor-widget-container\">\n\t\t\t\t\t\t\t\t\t<p>Nuestro Sistema interno de informaci\u00f3n est\u00e1 abierto a cualquier persona (trabajadores de Healthcare Activos y cualquier otra persona relacionada con Healthcare Activos a trav\u00e9s de un contexto laboral) que desee informar sobre una infracci\u00f3n de la ley, del C\u00f3digo de Conducta y de buenas pr\u00e1cticas y de nuestras pol\u00edticas y procedimientos.<\/p><p>Esto incluye:<\/p><ol><li>Los trabajadores, ya sean empleados directos de Healthcare Activos, contratados a trav\u00e9s de una agencia de empleo o aut\u00f3nomos,<\/li><li>Accionistas y personas pertenecientes a los \u00f3rganos de administraci\u00f3n, gesti\u00f3n o supervisi\u00f3n, incluidos los miembros no ejecutivos, as\u00ed como voluntarios y becarios remunerados o no remunerados,<\/li><li>Cualquier persona que haya adquirido informaci\u00f3n de una potencial infracci\u00f3n en el seno de una relaci\u00f3n laboral que ya haya finalizado, o durante el proceso de contrataci\u00f3n u otras negociaciones precontractuales,<\/li><li>Cualquier persona que trabaje para la supervisi\u00f3n y direcci\u00f3n de contratistas, subcontratistas y proveedores,<\/li><li>Facilitadores y personas relacionadas con el informante<\/li><\/ol>\t\t\t\t\t\t\t\t<\/div>\n\t\t\t\t<\/div>\n\t\t\t\t<div class=\"elementor-element elementor-element-1122c9d elementor-widget elementor-widget-heading\" data-id=\"1122c9d\" data-element_type=\"widget\" data-e-type=\"widget\" data-widget_type=\"heading.default\">\n\t\t\t\t<div class=\"elementor-widget-container\">\n\t\t\t\t\t<h3 class=\"elementor-heading-title elementor-size-default\">\u00bfA qui\u00e9n puedo dirigirme?<\/h3>\t\t\t\t<\/div>\n\t\t\t\t<\/div>\n\t\t\t\t<div class=\"elementor-element elementor-element-9507c06 elementor-widget elementor-widget-text-editor\" data-id=\"9507c06\" data-element_type=\"widget\" data-e-type=\"widget\" data-widget_type=\"text-editor.default\">\n\t\t\t\t<div class=\"elementor-widget-container\">\n\t\t\t\t\t\t\t\t\t<p>La comunicaci\u00f3n de las infracciones puede realizarse a trav\u00e9s de las siguientes v\u00edas:<\/p><ul><li>Por medio de la direcci\u00f3n de email del Buz\u00f3n \u00c9tico que Healthcare Activos tiene habilitado a tal efecto: buzonetico@healthcareactivos.com<\/li><li>Oralmente, por medio de reuni\u00f3n presencial con el Compliance Officer de Healthcare Activos.<\/li><\/ul><p>Healthcare Activos anima a cualquier persona que tenga conocimiento de una potencial infracci\u00f3n a que la ponga inmediatamente en conocimiento de la empresa a trav\u00e9s de los medios habilitados. Tales personas quedan sujetas a prestar colaboraci\u00f3n en el an\u00e1lisis e investigaci\u00f3n siempre que sean requeridas por el Compliance Officer de Healthcare Activos y a guardar la debida confidencialidad sobre la colaboraci\u00f3n prestada y los hechos puestos en su conocimiento. En el caso de tener conocimiento de la comisi\u00f3n de alg\u00fan delito p\u00fablico existir\u00e1 la obligaci\u00f3n de ponerlo en conocimiento de la entidad. Cuando los hechos referidos en la denuncia puedan ser indiciariamente constitutivos de delito, el \u00f3rgano de administraci\u00f3n remitir\u00e1 la informaci\u00f3n con car\u00e1cter inmediato al Ministerio Fiscal. En el caso de que los hechos afecten a los intereses financieros de la Uni\u00f3n Europea, se remitir\u00e1 a la Fiscal\u00eda Europea. As\u00ed mismo, las v\u00edas mencionadas est\u00e1n tambi\u00e9n abiertas a terceras personas ajenas a Healthcare Activos.<\/p>\t\t\t\t\t\t\t\t<\/div>\n\t\t\t\t<\/div>\n\t\t\t\t<div class=\"elementor-element elementor-element-9ee9e6c elementor-widget elementor-widget-heading\" data-id=\"9ee9e6c\" data-element_type=\"widget\" data-e-type=\"widget\" data-widget_type=\"heading.default\">\n\t\t\t\t<div class=\"elementor-widget-container\">\n\t\t\t\t\t<h3 class=\"elementor-heading-title elementor-size-default\">\u00bfC\u00f3mo se registran las comunicaciones?<\/h3>\t\t\t\t<\/div>\n\t\t\t\t<\/div>\n\t\t\t\t<div class=\"elementor-element elementor-element-ac41a85 elementor-widget elementor-widget-text-editor\" data-id=\"ac41a85\" data-element_type=\"widget\" data-e-type=\"widget\" data-widget_type=\"text-editor.default\">\n\t\t\t\t<div class=\"elementor-widget-container\">\n\t\t\t\t\t\t\t\t\t<p>La comunicaci\u00f3n oral se documenta de algunas de las maneras siguientes, previo consentimiento del informante:<\/p><ol><li>Mediante una grabaci\u00f3n de la conversaci\u00f3n en un formato seguro, duradero y accesible<\/li><li>A trav\u00e9s de una transcripci\u00f3n completa y exacta de la conversaci\u00f3n<\/li><\/ol><p>Sin perjuicio de los derechos que le corresponden de acuerdo a la normativa sobre protecci\u00f3n de datos, se ofrecer\u00e1 al informante la oportunidad de comprobar, rectificar y aceptar mediante su firma la transcripci\u00f3n de la conversaci\u00f3n.<\/p><p>El Responsable del Sistema registra las comunicaciones recibidas en el <strong>Libro Registro<\/strong> de la Sociedad, que incluye las informaciones recibidas y las investigaciones internas a que hayan dado lugar, garantizando, en todo caso, su confidencialidad. lncluir\u00e1 siempre la siguiente informaci\u00f3n:<\/p><ol><li>a) n\u00famero de la comunicaci\u00f3n recibida<\/li><li>b) fecha de la comunicaci\u00f3n del acuse de recibo del Compliance Officer<\/li><li>c) Informe de investigaci\u00f3n<\/li><li>d) Resoluci\u00f3n emitida en relaci\u00f3n con la comunicaci\u00f3n<\/li><\/ol><p>Este registro no ser\u00e1 p\u00fablico y \u00fanicamente a petici\u00f3n razonada de la Autoridad judicial competente, mediante auto, y en el marco de un procedimiento judicial y bajo la tutela de aquella, podr\u00e1 accederse total o parcialmente al contenido del referido registro.<\/p>\t\t\t\t\t\t\t\t<\/div>\n\t\t\t\t<\/div>\n\t\t\t\t<div class=\"elementor-element elementor-element-f0a48fb elementor-widget elementor-widget-heading\" data-id=\"f0a48fb\" data-element_type=\"widget\" data-e-type=\"widget\" data-widget_type=\"heading.default\">\n\t\t\t\t<div class=\"elementor-widget-container\">\n\t\t\t\t\t<h3 class=\"elementor-heading-title elementor-size-default\">Principios esenciales de nuestro procedimiento de gesti\u00f3n de informaciones e investigaci\u00f3n<\/h3>\t\t\t\t<\/div>\n\t\t\t\t<\/div>\n\t\t\t\t<div class=\"elementor-element elementor-element-ca5f17a elementor-widget elementor-widget-text-editor\" data-id=\"ca5f17a\" data-element_type=\"widget\" data-e-type=\"widget\" data-widget_type=\"text-editor.default\">\n\t\t\t\t<div class=\"elementor-widget-container\">\n\t\t\t\t\t\t\t\t\t<p>Un dato personal es toda informaci\u00f3n sobre una persona f\u00edsica identificada o identificable. Se considera persona f\u00edsica identificable toda persona cuya identidad pueda determinarse directa o indirectamente, en particular mediante un identificador, como por ejemplo un nombre, un n\u00famero de identificaci\u00f3n, datos de localizaci\u00f3n, un identificador en l\u00ednea o uno o varios elementos propios de la identidad f\u00edsica, fisiol\u00f3gica, gen\u00e9tica, ps\u00edquica, econ\u00f3mica, cultural o social de dicha persona.<\/p><p>Asimismo, el tratamiento de datos personales implica cualquier operaci\u00f3n o conjunto de operaciones realizadas sobre datos personales o conjuntos de datos personales, ya sea por procedimientos automatizados o no, como la recogida, registro, organizaci\u00f3n, estructuraci\u00f3n, conservaci\u00f3n, adaptaci\u00f3n o modificaci\u00f3n, extracci\u00f3n, consulta, utilizaci\u00f3n, comunicaci\u00f3n por transmisi\u00f3n, difusi\u00f3n o cualquier otra forma de habilitaci\u00f3n de acceso, cotejo o interconexi\u00f3n, limitaci\u00f3n, supresi\u00f3n o destrucci\u00f3n.<\/p>\t\t\t\t\t\t\t\t<\/div>\n\t\t\t\t<\/div>\n\t\t\t\t<div class=\"elementor-element elementor-element-15329cf elementor-widget elementor-widget-heading\" data-id=\"15329cf\" data-element_type=\"widget\" data-e-type=\"widget\" data-widget_type=\"heading.default\">\n\t\t\t\t<div class=\"elementor-widget-container\">\n\t\t\t\t\t<h3 class=\"elementor-heading-title elementor-size-default\">Qu\u00e9 tratamientos realizamos sobre tus datos personales y para qu\u00e9 finalidades <\/h3>\t\t\t\t<\/div>\n\t\t\t\t<\/div>\n\t\t\t\t<div class=\"elementor-element elementor-element-3523012 elementor-widget elementor-widget-text-editor\" data-id=\"3523012\" data-element_type=\"widget\" data-e-type=\"widget\" data-widget_type=\"text-editor.default\">\n\t\t\t\t<div class=\"elementor-widget-container\">\n\t\t\t\t\t\t\t\t\t<p><strong><em>Confidencialidad<\/em><\/strong><\/p><p>Nuestros canales de informaci\u00f3n est\u00e1n dise\u00f1ados, establecidos y operan de manera segura, garantizando la protecci\u00f3n de la confidencialidad de la identidad del informante y de cualquier tercero mencionado en la comunicaci\u00f3n, e impide el acceso de personas no autorizadas. La informaci\u00f3n comunicada s\u00f3lo ser\u00e1 accesible para quienes necesiten conocerla y est\u00e9n autorizados a acceder a ella.<\/p><p><strong><em>Anonimato<\/em><\/strong><\/p><p>Se permite la comunicaci\u00f3n an\u00f3nima. Se garantizar\u00e1 el anonimato del informante a menos que la persona renuncie expresamente a \u00e9l.<\/p><p><strong><em>Informar a trav\u00e9s de los canales adecuados<\/em><\/strong><\/p><p>Cuando la comunicaci\u00f3n se realice por canales de denuncia que no sean los establecidos y determinados en el Procedimiento de gesti\u00f3n de informaciones o a miembros del personal no responsable de su tratamiento, el receptor de la comunicaci\u00f3n la remitir\u00e1 inmediatamente al Compliance Officer como Responsable del Sistema. En estos casos tambi\u00e9n se garantizar\u00e1 la confidencialidad.<\/p><p><strong><em>No represalias<\/em><\/strong><\/p><p>Quedan expresamente prohibidos los actos que constituyan represalias, incluidas las amenazas de represalias y las tentativas de represalias contra los informantes, las personas relacionadas con ellos o los facilitadores que realicen una comunicaci\u00f3n.<\/p><p>Por represalia se entender\u00e1 cualquier acci\u00f3n u omisi\u00f3n prohibida por la ley o que, de forma directa o indirecta, suponga un trato desfavorable que sit\u00fae a las personas que las sufren en desventaja particular con respecto a otra persona en el contexto laboral o profesional, solo por su condici\u00f3n de informantes, o por haber realizado una revelaci\u00f3n p\u00fablica.<\/p><p><strong><em>Derecho de los afectados a la presunci\u00f3n de inocencia, derecho de defensa, derecho al honor y derecho de acceso al expediente.<\/em><\/strong><\/p><p>Las personas afectadas tienen derecho a estas garant\u00edas b\u00e1sicas, as\u00ed como a las establecidas para los informantes.<\/p><p><strong><em>Restricciones a la divulgaci\u00f3n de informaci\u00f3n<\/em><\/strong><\/p><p>No se considerar\u00e1 que los informantes hayan infringido ninguna restricci\u00f3n a la divulgaci\u00f3n de informaci\u00f3n y no incurrir\u00e1n en responsabilidad de ning\u00fan tipo en relaci\u00f3n con dicha comunicaci\u00f3n siempre que:<\/p><ol><li>La informaci\u00f3n sea necesaria para comunicar la posible infracci\u00f3n.<\/li><li>El acceso a la informaci\u00f3n obrante en la comunicaci\u00f3n no constituya delito.\u00a0<\/li><\/ol>\t\t\t\t\t\t\t\t<\/div>\n\t\t\t\t<\/div>\n\t\t\t\t\t<\/div>\n\t\t<\/div>\n\t\t\t\t\t<\/div>\n\t\t<\/section>\n\t\t\t\t<\/div>\n\t\t","protected":false},"excerpt":{"rendered":"<p>Canal de denuncias Uso de nuestros canales de informaci\u00f3n \u00bfQui\u00e9n puede presentar comunicaciones? Nuestro Sistema interno de informaci\u00f3n est\u00e1 abierto a cualquier persona (trabajadores de Healthcare Activos y cualquier otra persona relacionada con Healthcare Activos a trav\u00e9s de un contexto laboral) que desee informar sobre una infracci\u00f3n de la ley, del C\u00f3digo de Conducta y &#8230; <a title=\"Canal de denuncias\" class=\"read-more\" href=\"https:\/\/healthcareactivosyield.com\/es\/canal-de-denuncias\/\" aria-label=\"Leer m\u00e1s sobre Canal de denuncias\">Leer m\u00e1s<\/a><\/p>\n","protected":false},"author":10,"featured_media":0,"parent":0,"menu_order":0,"comment_status":"closed","ping_status":"closed","template":"elementor_header_footer","meta":{"_acf_changed":false,"footnotes":""},"class_list":["post-5432","page","type-page","status-publish"],"acf":[],"yoast_head":"<!-- This site is optimized with the Yoast SEO plugin v27.4 - https:\/\/yoast.com\/product\/yoast-seo-wordpress\/ -->\n<title>Canal de denuncias - Healthcare Activos Yield<\/title>\n<meta name=\"robots\" content=\"noindex, follow\" \/>\n<meta property=\"og:locale\" content=\"es_ES\" \/>\n<meta property=\"og:type\" content=\"article\" \/>\n<meta property=\"og:title\" content=\"Canal de denuncias - Healthcare Activos Yield\" \/>\n<meta property=\"og:description\" content=\"Canal de denuncias Uso de nuestros canales de informaci\u00f3n \u00bfQui\u00e9n puede presentar comunicaciones? Nuestro Sistema interno de informaci\u00f3n est\u00e1 abierto a cualquier persona (trabajadores de Healthcare Activos y cualquier otra persona relacionada con Healthcare Activos a trav\u00e9s de un contexto laboral) que desee informar sobre una infracci\u00f3n de la ley, del C\u00f3digo de Conducta y ... Leer m\u00e1s\" \/>\n<meta property=\"og:url\" content=\"https:\/\/healthcareactivosyield.com\/es\/canal-de-denuncias\/\" \/>\n<meta property=\"og:site_name\" content=\"Healthcare Activos Yield\" \/>\n<meta property=\"article:modified_time\" content=\"2023-11-03T11:13:34+00:00\" \/>\n<meta name=\"twitter:card\" content=\"summary_large_image\" \/>\n<meta name=\"twitter:label1\" content=\"Tiempo de lectura\" \/>\n\t<meta name=\"twitter:data1\" content=\"6 minutos\" \/>\n<script type=\"application\/ld+json\" class=\"yoast-schema-graph\">{\"@context\":\"https:\\\/\\\/schema.org\",\"@graph\":[{\"@type\":\"WebPage\",\"@id\":\"https:\\\/\\\/healthcareactivosyield.com\\\/es\\\/canal-de-denuncias\\\/\",\"url\":\"https:\\\/\\\/healthcareactivosyield.com\\\/es\\\/canal-de-denuncias\\\/\",\"name\":\"Canal de denuncias - Healthcare Activos Yield\",\"isPartOf\":{\"@id\":\"https:\\\/\\\/healthcareactivosyield.com\\\/es\\\/#website\"},\"datePublished\":\"2023-11-03T11:08:49+00:00\",\"dateModified\":\"2023-11-03T11:13:34+00:00\",\"breadcrumb\":{\"@id\":\"https:\\\/\\\/healthcareactivosyield.com\\\/es\\\/canal-de-denuncias\\\/#breadcrumb\"},\"inLanguage\":\"es\",\"potentialAction\":[{\"@type\":\"ReadAction\",\"target\":[\"https:\\\/\\\/healthcareactivosyield.com\\\/es\\\/canal-de-denuncias\\\/\"]}]},{\"@type\":\"BreadcrumbList\",\"@id\":\"https:\\\/\\\/healthcareactivosyield.com\\\/es\\\/canal-de-denuncias\\\/#breadcrumb\",\"itemListElement\":[{\"@type\":\"ListItem\",\"position\":1,\"name\":\"Portada\",\"item\":\"https:\\\/\\\/healthcareactivosyield.com\\\/es\\\/\"},{\"@type\":\"ListItem\",\"position\":2,\"name\":\"Canal de denuncias\"}]},{\"@type\":\"WebSite\",\"@id\":\"https:\\\/\\\/healthcareactivosyield.com\\\/es\\\/#website\",\"url\":\"https:\\\/\\\/healthcareactivosyield.com\\\/es\\\/\",\"name\":\"Healthcare Activos Yield\",\"description\":\"\",\"publisher\":{\"@id\":\"https:\\\/\\\/healthcareactivosyield.com\\\/es\\\/#organization\"},\"potentialAction\":[{\"@type\":\"SearchAction\",\"target\":{\"@type\":\"EntryPoint\",\"urlTemplate\":\"https:\\\/\\\/healthcareactivosyield.com\\\/es\\\/?s={search_term_string}\"},\"query-input\":{\"@type\":\"PropertyValueSpecification\",\"valueRequired\":true,\"valueName\":\"search_term_string\"}}],\"inLanguage\":\"es\"},{\"@type\":\"Organization\",\"@id\":\"https:\\\/\\\/healthcareactivosyield.com\\\/es\\\/#organization\",\"name\":\"Healthcare Activos Yield\",\"url\":\"https:\\\/\\\/healthcareactivosyield.com\\\/es\\\/\",\"logo\":{\"@type\":\"ImageObject\",\"inLanguage\":\"es\",\"@id\":\"https:\\\/\\\/healthcareactivosyield.com\\\/es\\\/#\\\/schema\\\/logo\\\/image\\\/\",\"url\":\"https:\\\/\\\/healthcareactivosyield.com\\\/wp-content\\\/uploads\\\/logo.png\",\"contentUrl\":\"https:\\\/\\\/healthcareactivosyield.com\\\/wp-content\\\/uploads\\\/logo.png\",\"width\":194,\"height\":51,\"caption\":\"Healthcare Activos Yield\"},\"image\":{\"@id\":\"https:\\\/\\\/healthcareactivosyield.com\\\/es\\\/#\\\/schema\\\/logo\\\/image\\\/\"}}]}<\/script>\n<!-- \/ Yoast SEO plugin. -->","yoast_head_json":{"title":"Canal de denuncias - Healthcare Activos Yield","robots":{"index":"noindex","follow":"follow"},"og_locale":"es_ES","og_type":"article","og_title":"Canal de denuncias - Healthcare Activos Yield","og_description":"Canal de denuncias Uso de nuestros canales de informaci\u00f3n \u00bfQui\u00e9n puede presentar comunicaciones? Nuestro Sistema interno de informaci\u00f3n est\u00e1 abierto a cualquier persona (trabajadores de Healthcare Activos y cualquier otra persona relacionada con Healthcare Activos a trav\u00e9s de un contexto laboral) que desee informar sobre una infracci\u00f3n de la ley, del C\u00f3digo de Conducta y ... Leer m\u00e1s","og_url":"https:\/\/healthcareactivosyield.com\/es\/canal-de-denuncias\/","og_site_name":"Healthcare Activos Yield","article_modified_time":"2023-11-03T11:13:34+00:00","twitter_card":"summary_large_image","twitter_misc":{"Tiempo de lectura":"6 minutos"},"schema":{"@context":"https:\/\/schema.org","@graph":[{"@type":"WebPage","@id":"https:\/\/healthcareactivosyield.com\/es\/canal-de-denuncias\/","url":"https:\/\/healthcareactivosyield.com\/es\/canal-de-denuncias\/","name":"Canal de denuncias - Healthcare Activos Yield","isPartOf":{"@id":"https:\/\/healthcareactivosyield.com\/es\/#website"},"datePublished":"2023-11-03T11:08:49+00:00","dateModified":"2023-11-03T11:13:34+00:00","breadcrumb":{"@id":"https:\/\/healthcareactivosyield.com\/es\/canal-de-denuncias\/#breadcrumb"},"inLanguage":"es","potentialAction":[{"@type":"ReadAction","target":["https:\/\/healthcareactivosyield.com\/es\/canal-de-denuncias\/"]}]},{"@type":"BreadcrumbList","@id":"https:\/\/healthcareactivosyield.com\/es\/canal-de-denuncias\/#breadcrumb","itemListElement":[{"@type":"ListItem","position":1,"name":"Portada","item":"https:\/\/healthcareactivosyield.com\/es\/"},{"@type":"ListItem","position":2,"name":"Canal de denuncias"}]},{"@type":"WebSite","@id":"https:\/\/healthcareactivosyield.com\/es\/#website","url":"https:\/\/healthcareactivosyield.com\/es\/","name":"Healthcare Activos Yield","description":"","publisher":{"@id":"https:\/\/healthcareactivosyield.com\/es\/#organization"},"potentialAction":[{"@type":"SearchAction","target":{"@type":"EntryPoint","urlTemplate":"https:\/\/healthcareactivosyield.com\/es\/?s={search_term_string}"},"query-input":{"@type":"PropertyValueSpecification","valueRequired":true,"valueName":"search_term_string"}}],"inLanguage":"es"},{"@type":"Organization","@id":"https:\/\/healthcareactivosyield.com\/es\/#organization","name":"Healthcare Activos Yield","url":"https:\/\/healthcareactivosyield.com\/es\/","logo":{"@type":"ImageObject","inLanguage":"es","@id":"https:\/\/healthcareactivosyield.com\/es\/#\/schema\/logo\/image\/","url":"https:\/\/healthcareactivosyield.com\/wp-content\/uploads\/logo.png","contentUrl":"https:\/\/healthcareactivosyield.com\/wp-content\/uploads\/logo.png","width":194,"height":51,"caption":"Healthcare Activos Yield"},"image":{"@id":"https:\/\/healthcareactivosyield.com\/es\/#\/schema\/logo\/image\/"}}]}},"_links":{"self":[{"href":"https:\/\/healthcareactivosyield.com\/es\/wp-json\/wp\/v2\/pages\/5432","targetHints":{"allow":["GET"]}}],"collection":[{"href":"https:\/\/healthcareactivosyield.com\/es\/wp-json\/wp\/v2\/pages"}],"about":[{"href":"https:\/\/healthcareactivosyield.com\/es\/wp-json\/wp\/v2\/types\/page"}],"author":[{"embeddable":true,"href":"https:\/\/healthcareactivosyield.com\/es\/wp-json\/wp\/v2\/users\/10"}],"replies":[{"embeddable":true,"href":"https:\/\/healthcareactivosyield.com\/es\/wp-json\/wp\/v2\/comments?post=5432"}],"version-history":[{"count":0,"href":"https:\/\/healthcareactivosyield.com\/es\/wp-json\/wp\/v2\/pages\/5432\/revisions"}],"wp:attachment":[{"href":"https:\/\/healthcareactivosyield.com\/es\/wp-json\/wp\/v2\/media?parent=5432"}],"curies":[{"name":"wp","href":"https:\/\/api.w.org\/{rel}","templated":true}]}}