{"id":2171,"date":"2019-08-06T09:56:41","date_gmt":"2019-08-06T07:56:41","guid":{"rendered":"https:\/\/healthcareactivosyield.com\/\/?page_id=2171"},"modified":"2022-07-18T14:17:36","modified_gmt":"2022-07-18T12:17:36","slug":"politica-de-cookies","status":"publish","type":"page","link":"https:\/\/healthcareactivosyield.com\/es\/politica-de-cookies\/","title":{"rendered":"Pol\u00edtica de cookies"},"content":{"rendered":"\t\t<div data-elementor-type=\"wp-post\" data-elementor-id=\"2171\" class=\"elementor elementor-2171\" data-elementor-post-type=\"page\">\n\t\t\t\t\t\t<section class=\"elementor-section elementor-top-section elementor-element elementor-element-aeaceb3 elementor-section-height-min-height elementor-section-boxed elementor-section-height-default elementor-section-items-middle\" data-id=\"aeaceb3\" data-element_type=\"section\" data-e-type=\"section\" data-settings=\"{&quot;background_background&quot;:&quot;classic&quot;}\">\n\t\t\t\t\t\t\t<div class=\"elementor-background-overlay\"><\/div>\n\t\t\t\t\t\t\t<div class=\"elementor-container elementor-column-gap-default\">\n\t\t\t\t\t<div class=\"elementor-column elementor-col-100 elementor-top-column elementor-element elementor-element-7de36e4\" data-id=\"7de36e4\" data-element_type=\"column\" data-e-type=\"column\">\n\t\t\t<div class=\"elementor-widget-wrap elementor-element-populated\">\n\t\t\t\t\t\t<div class=\"elementor-element elementor-element-67b75b0 hca-gradient-text elementor-widget elementor-widget-heading\" data-id=\"67b75b0\" data-element_type=\"widget\" data-e-type=\"widget\" data-widget_type=\"heading.default\">\n\t\t\t\t<div class=\"elementor-widget-container\">\n\t\t\t\t\t<h1 class=\"elementor-heading-title elementor-size-default\">Pol\u00edtica<\/h1>\t\t\t\t<\/div>\n\t\t\t\t<\/div>\n\t\t\t\t<div class=\"elementor-element elementor-element-857db45 hca-gradient-text elementor-widget elementor-widget-heading\" data-id=\"857db45\" data-element_type=\"widget\" data-e-type=\"widget\" data-widget_type=\"heading.default\">\n\t\t\t\t<div class=\"elementor-widget-container\">\n\t\t\t\t\t<h1 class=\"elementor-heading-title elementor-size-default\">De Cookies<\/h1>\t\t\t\t<\/div>\n\t\t\t\t<\/div>\n\t\t\t\t\t<\/div>\n\t\t<\/div>\n\t\t\t\t\t<\/div>\n\t\t<\/section>\n\t\t\t\t<section class=\"elementor-section elementor-top-section elementor-element elementor-element-690b2a9b elementor-section-boxed elementor-section-height-default elementor-section-height-default\" data-id=\"690b2a9b\" data-element_type=\"section\" data-e-type=\"section\">\n\t\t\t\t\t\t<div class=\"elementor-container elementor-column-gap-default\">\n\t\t\t\t\t<div class=\"elementor-column elementor-col-100 elementor-top-column elementor-element elementor-element-5173f869\" data-id=\"5173f869\" data-element_type=\"column\" data-e-type=\"column\">\n\t\t\t<div class=\"elementor-widget-wrap elementor-element-populated\">\n\t\t\t\t\t\t<div class=\"elementor-element elementor-element-3175ffa6 elementor-widget elementor-widget-heading\" data-id=\"3175ffa6\" data-element_type=\"widget\" data-e-type=\"widget\" data-widget_type=\"heading.default\">\n\t\t\t\t<div class=\"elementor-widget-container\">\n\t\t\t\t\t<h3 class=\"elementor-heading-title elementor-size-default\">Seguridad y Almacenamiento de los Datos<\/h3>\t\t\t\t<\/div>\n\t\t\t\t<\/div>\n\t\t\t\t<div class=\"elementor-element elementor-element-7585a75 elementor-widget elementor-widget-text-editor\" data-id=\"7585a75\" data-element_type=\"widget\" data-e-type=\"widget\" data-widget_type=\"text-editor.default\">\n\t\t\t\t<div class=\"elementor-widget-container\">\n\t\t\t\t\t\t\t\t\t<p>Una cookie es un archivo de informaci\u00f3n que el servidor de este sitio web env\u00eda al dispositivo (ordenador,\u00a0smartphone, tablet,\u00a0etc.) de quien accede a la p\u00e1gina para almacenar y recuperar informaci\u00f3n sobre la navegaci\u00f3n que se efect\u00faa desde dicho equipo.<\/p><p>Healthcare Activos Management, S.L.\u00a0utiliza diversos tipos de\u00a0cookies\u00a0(t\u00e9cnicas, anal\u00edticas y sociales) \u00fanicamente con la finalidad de mejorar la navegaci\u00f3n del usuario en el sitio web, sin ning\u00fan tipo de objeto publicitario o similar.<\/p><p>Healthcare Activos Management, S.L., a trav\u00e9s de las\u00a0cookies\u00a0no recoge dato personal alguno. Todas las\u00a0cookies, salvo las utilizadas por el sistema de estad\u00edsticas Google Analytics son temporales y desaparecen al concluir la sesi\u00f3n.<\/p><p>Healthcare Activos Management, S.L.\u00a0utiliza en este sitio web las\u00a0cookies\u00a0que se detallan a continuaci\u00f3n:<\/p><table><tbody><tr><td width=\"139\"><h4>Tipo<\/h4><\/td><td width=\"141\"><h4>Caducidad<\/h4><\/td><td width=\"141\"><h4>Finalidad<\/h4><\/td><td width=\"145\"><h4>Propias\/Terceros<\/h4><\/td><\/tr><tr><td width=\"139\">Anal\u00edtica<\/td><td width=\"141\">Persistente<\/td><td width=\"141\">Para determinar nuevas sesiones \/ visitas<\/td><td width=\"145\">Tercero (Google analytics)<\/td><\/tr><\/tbody><\/table><p>El usuario podr\u00e1, en cualquier momento, elegir qu\u00e9 cookies quiere que funcionen en este sitio web mediante:<\/p><ol><li>a) La configuraci\u00f3n del\u00a0<strong>navegador<\/strong>; (indicar enlace en cada navegador para habilitar o deshabilitar cookies)<\/li><li>b) Herramientas de terceros, disponibles on line, que permiten a los usuarios detectar las\u00a0cookies\u00a0en cada sitio web que visita y gestionar su desactivaci\u00f3n.<\/li><\/ol><p>Ni esta web, ni sus representantes legales se hacen responsables ni del contenido ni de la veracidad de las pol\u00edticas de privacidad que puedan tener los terceros mencionados en esta pol\u00edtica de\u00a0cookies.<\/p><p>La aceptaci\u00f3n de la presente pol\u00edtica implica que el usuario ha sido informado de una forma clara y completa sobre el uso de dispositivos de almacenamiento y recuperaci\u00f3n de datos (cookies) as\u00ed como que Healthcare Activos Management, S.L. dispone del consentimiento del usuario para el uso de las mismas tal y como establece el art\u00edculo 22 de la Ley 34\/2002, de 11 de julio, de Servicios de la Sociedad de la Informaci\u00f3n y Comercio Electr\u00f3nico (LSSI-CE).<\/p>\t\t\t\t\t\t\t\t<\/div>\n\t\t\t\t<\/div>\n\t\t\t\t\t<\/div>\n\t\t<\/div>\n\t\t\t\t\t<\/div>\n\t\t<\/section>\n\t\t\t\t<\/div>\n\t\t","protected":false},"excerpt":{"rendered":"<p>Pol\u00edtica De Cookies Seguridad y Almacenamiento de los Datos Una cookie es un archivo de informaci\u00f3n que el servidor de este sitio web env\u00eda al dispositivo (ordenador,\u00a0smartphone, tablet,\u00a0etc.) de quien accede a la p\u00e1gina para almacenar y recuperar informaci\u00f3n sobre la navegaci\u00f3n que se efect\u00faa desde dicho equipo. Healthcare Activos Management, S.L.\u00a0utiliza diversos tipos de\u00a0cookies\u00a0(t\u00e9cnicas, &#8230; <a title=\"Pol\u00edtica de cookies\" class=\"read-more\" href=\"https:\/\/healthcareactivosyield.com\/es\/politica-de-cookies\/\" aria-label=\"Leer m\u00e1s sobre Pol\u00edtica de cookies\">Leer m\u00e1s<\/a><\/p>\n","protected":false},"author":8,"featured_media":0,"parent":0,"menu_order":0,"comment_status":"closed","ping_status":"closed","template":"elementor_header_footer","meta":{"_acf_changed":false,"footnotes":""},"class_list":["post-2171","page","type-page","status-publish"],"acf":[],"yoast_head":"<!-- This site is optimized with the Yoast SEO plugin v27.3 - https:\/\/yoast.com\/product\/yoast-seo-wordpress\/ -->\n<title>Pol\u00edtica de cookies - Healthcare Activos Yield<\/title>\n<meta name=\"robots\" content=\"noindex, follow\" \/>\n<meta property=\"og:locale\" content=\"es_ES\" \/>\n<meta property=\"og:type\" content=\"article\" \/>\n<meta property=\"og:title\" content=\"Pol\u00edtica de cookies - Healthcare Activos Yield\" \/>\n<meta property=\"og:description\" content=\"Pol\u00edtica De Cookies Seguridad y Almacenamiento de los Datos Una cookie es un archivo de informaci\u00f3n que el servidor de este sitio web env\u00eda al dispositivo (ordenador,\u00a0smartphone, tablet,\u00a0etc.) de quien accede a la p\u00e1gina para almacenar y recuperar informaci\u00f3n sobre la navegaci\u00f3n que se efect\u00faa desde dicho equipo. Healthcare Activos Management, S.L.\u00a0utiliza diversos tipos de\u00a0cookies\u00a0(t\u00e9cnicas, ... Leer m\u00e1s\" \/>\n<meta property=\"og:url\" content=\"https:\/\/healthcareactivosyield.com\/es\/politica-de-cookies\/\" \/>\n<meta property=\"og:site_name\" content=\"Healthcare Activos Yield\" \/>\n<meta property=\"article:modified_time\" content=\"2022-07-18T12:17:36+00:00\" \/>\n<meta name=\"twitter:card\" content=\"summary_large_image\" \/>\n<meta name=\"twitter:label1\" content=\"Tiempo de lectura\" \/>\n\t<meta name=\"twitter:data1\" content=\"2 minutos\" \/>\n<script type=\"application\/ld+json\" class=\"yoast-schema-graph\">{\"@context\":\"https:\\\/\\\/schema.org\",\"@graph\":[{\"@type\":\"WebPage\",\"@id\":\"https:\\\/\\\/healthcareactivosyield.com\\\/es\\\/politica-de-cookies\\\/\",\"url\":\"https:\\\/\\\/healthcareactivosyield.com\\\/es\\\/politica-de-cookies\\\/\",\"name\":\"Pol\u00edtica de cookies - Healthcare Activos Yield\",\"isPartOf\":{\"@id\":\"https:\\\/\\\/healthcareactivosyield.com\\\/es\\\/#website\"},\"datePublished\":\"2019-08-06T07:56:41+00:00\",\"dateModified\":\"2022-07-18T12:17:36+00:00\",\"breadcrumb\":{\"@id\":\"https:\\\/\\\/healthcareactivosyield.com\\\/es\\\/politica-de-cookies\\\/#breadcrumb\"},\"inLanguage\":\"es\",\"potentialAction\":[{\"@type\":\"ReadAction\",\"target\":[\"https:\\\/\\\/healthcareactivosyield.com\\\/es\\\/politica-de-cookies\\\/\"]}]},{\"@type\":\"BreadcrumbList\",\"@id\":\"https:\\\/\\\/healthcareactivosyield.com\\\/es\\\/politica-de-cookies\\\/#breadcrumb\",\"itemListElement\":[{\"@type\":\"ListItem\",\"position\":1,\"name\":\"Portada\",\"item\":\"https:\\\/\\\/healthcareactivosyield.com\\\/es\\\/\"},{\"@type\":\"ListItem\",\"position\":2,\"name\":\"Pol\u00edtica de cookies\"}]},{\"@type\":\"WebSite\",\"@id\":\"https:\\\/\\\/healthcareactivosyield.com\\\/es\\\/#website\",\"url\":\"https:\\\/\\\/healthcareactivosyield.com\\\/es\\\/\",\"name\":\"Healthcare Activos Yield\",\"description\":\"\",\"publisher\":{\"@id\":\"https:\\\/\\\/healthcareactivosyield.com\\\/es\\\/#organization\"},\"potentialAction\":[{\"@type\":\"SearchAction\",\"target\":{\"@type\":\"EntryPoint\",\"urlTemplate\":\"https:\\\/\\\/healthcareactivosyield.com\\\/es\\\/?s={search_term_string}\"},\"query-input\":{\"@type\":\"PropertyValueSpecification\",\"valueRequired\":true,\"valueName\":\"search_term_string\"}}],\"inLanguage\":\"es\"},{\"@type\":\"Organization\",\"@id\":\"https:\\\/\\\/healthcareactivosyield.com\\\/es\\\/#organization\",\"name\":\"Healthcare Activos Yield\",\"url\":\"https:\\\/\\\/healthcareactivosyield.com\\\/es\\\/\",\"logo\":{\"@type\":\"ImageObject\",\"inLanguage\":\"es\",\"@id\":\"https:\\\/\\\/healthcareactivosyield.com\\\/es\\\/#\\\/schema\\\/logo\\\/image\\\/\",\"url\":\"https:\\\/\\\/healthcareactivosyield.com\\\/wp-content\\\/uploads\\\/logo.png\",\"contentUrl\":\"https:\\\/\\\/healthcareactivosyield.com\\\/wp-content\\\/uploads\\\/logo.png\",\"width\":194,\"height\":51,\"caption\":\"Healthcare Activos Yield\"},\"image\":{\"@id\":\"https:\\\/\\\/healthcareactivosyield.com\\\/es\\\/#\\\/schema\\\/logo\\\/image\\\/\"}}]}<\/script>\n<!-- \/ Yoast SEO plugin. -->","yoast_head_json":{"title":"Pol\u00edtica de cookies - Healthcare Activos Yield","robots":{"index":"noindex","follow":"follow"},"og_locale":"es_ES","og_type":"article","og_title":"Pol\u00edtica de cookies - Healthcare Activos Yield","og_description":"Pol\u00edtica De Cookies Seguridad y Almacenamiento de los Datos Una cookie es un archivo de informaci\u00f3n que el servidor de este sitio web env\u00eda al dispositivo (ordenador,\u00a0smartphone, tablet,\u00a0etc.) de quien accede a la p\u00e1gina para almacenar y recuperar informaci\u00f3n sobre la navegaci\u00f3n que se efect\u00faa desde dicho equipo. Healthcare Activos Management, S.L.\u00a0utiliza diversos tipos de\u00a0cookies\u00a0(t\u00e9cnicas, ... Leer m\u00e1s","og_url":"https:\/\/healthcareactivosyield.com\/es\/politica-de-cookies\/","og_site_name":"Healthcare Activos Yield","article_modified_time":"2022-07-18T12:17:36+00:00","twitter_card":"summary_large_image","twitter_misc":{"Tiempo de lectura":"2 minutos"},"schema":{"@context":"https:\/\/schema.org","@graph":[{"@type":"WebPage","@id":"https:\/\/healthcareactivosyield.com\/es\/politica-de-cookies\/","url":"https:\/\/healthcareactivosyield.com\/es\/politica-de-cookies\/","name":"Pol\u00edtica de cookies - Healthcare Activos Yield","isPartOf":{"@id":"https:\/\/healthcareactivosyield.com\/es\/#website"},"datePublished":"2019-08-06T07:56:41+00:00","dateModified":"2022-07-18T12:17:36+00:00","breadcrumb":{"@id":"https:\/\/healthcareactivosyield.com\/es\/politica-de-cookies\/#breadcrumb"},"inLanguage":"es","potentialAction":[{"@type":"ReadAction","target":["https:\/\/healthcareactivosyield.com\/es\/politica-de-cookies\/"]}]},{"@type":"BreadcrumbList","@id":"https:\/\/healthcareactivosyield.com\/es\/politica-de-cookies\/#breadcrumb","itemListElement":[{"@type":"ListItem","position":1,"name":"Portada","item":"https:\/\/healthcareactivosyield.com\/es\/"},{"@type":"ListItem","position":2,"name":"Pol\u00edtica de cookies"}]},{"@type":"WebSite","@id":"https:\/\/healthcareactivosyield.com\/es\/#website","url":"https:\/\/healthcareactivosyield.com\/es\/","name":"Healthcare Activos Yield","description":"","publisher":{"@id":"https:\/\/healthcareactivosyield.com\/es\/#organization"},"potentialAction":[{"@type":"SearchAction","target":{"@type":"EntryPoint","urlTemplate":"https:\/\/healthcareactivosyield.com\/es\/?s={search_term_string}"},"query-input":{"@type":"PropertyValueSpecification","valueRequired":true,"valueName":"search_term_string"}}],"inLanguage":"es"},{"@type":"Organization","@id":"https:\/\/healthcareactivosyield.com\/es\/#organization","name":"Healthcare Activos Yield","url":"https:\/\/healthcareactivosyield.com\/es\/","logo":{"@type":"ImageObject","inLanguage":"es","@id":"https:\/\/healthcareactivosyield.com\/es\/#\/schema\/logo\/image\/","url":"https:\/\/healthcareactivosyield.com\/wp-content\/uploads\/logo.png","contentUrl":"https:\/\/healthcareactivosyield.com\/wp-content\/uploads\/logo.png","width":194,"height":51,"caption":"Healthcare Activos Yield"},"image":{"@id":"https:\/\/healthcareactivosyield.com\/es\/#\/schema\/logo\/image\/"}}]}},"_links":{"self":[{"href":"https:\/\/healthcareactivosyield.com\/es\/wp-json\/wp\/v2\/pages\/2171","targetHints":{"allow":["GET"]}}],"collection":[{"href":"https:\/\/healthcareactivosyield.com\/es\/wp-json\/wp\/v2\/pages"}],"about":[{"href":"https:\/\/healthcareactivosyield.com\/es\/wp-json\/wp\/v2\/types\/page"}],"author":[{"embeddable":true,"href":"https:\/\/healthcareactivosyield.com\/es\/wp-json\/wp\/v2\/users\/8"}],"replies":[{"embeddable":true,"href":"https:\/\/healthcareactivosyield.com\/es\/wp-json\/wp\/v2\/comments?post=2171"}],"version-history":[{"count":0,"href":"https:\/\/healthcareactivosyield.com\/es\/wp-json\/wp\/v2\/pages\/2171\/revisions"}],"wp:attachment":[{"href":"https:\/\/healthcareactivosyield.com\/es\/wp-json\/wp\/v2\/media?parent=2171"}],"curies":[{"name":"wp","href":"https:\/\/api.w.org\/{rel}","templated":true}]}}